{"id":8366,"date":"2016-05-03T06:55:50","date_gmt":"2016-05-03T06:55:50","guid":{"rendered":"http:\/\/felixsolisavantis.com\/fr\/?page_id=8366"},"modified":"2026-01-21T13:37:05","modified_gmt":"2026-01-21T12:37:05","slug":"home","status":"publish","type":"page","link":"https:\/\/felixsolisavantis.com\/fr\/","title":{"rendered":"Home"},"content":{"rendered":"","protected":false},"excerpt":{"rendered":"","protected":false},"author":4,"featured_media":0,"parent":0,"menu_order":-1,"comment_status":"open","ping_status":"open","template":"page-home.php","meta":{"footnotes":""},"acf":[],"yoast_head":"<!-- This site is optimized with the Yoast SEO plugin v21.6 - https:\/\/yoast.com\/wordpress\/plugins\/seo\/ -->\n<title>Home | F\u00e9lix Sol\u00eds Avantis<\/title>\n<meta name=\"description\" content=\"F\u00e9lix Sol\u00eds Avantis est le leader dans le secteur international du vin, avec une pr\u00e9sence dans plus de 115\u00a0pays. Appartenant aux fr\u00e8res Sol\u00eds de troisi\u00e8me g\u00e9n\u00e9ration, la famille s&#039;efforce de fusionner la tradition et l&#039;innovation. \u00a0\" \/>\n<meta name=\"robots\" content=\"index, follow, max-snippet:-1, max-image-preview:large, max-video-preview:-1\" \/>\n<link rel=\"canonical\" href=\"https:\/\/felixsolisavantis.com\/fr\/\" \/>\n<meta property=\"og:locale\" content=\"fr_FR\" \/>\n<meta property=\"og:type\" content=\"article\" \/>\n<meta property=\"og:title\" content=\"Home | F\u00e9lix Sol\u00eds Avantis\" \/>\n<meta property=\"og:description\" content=\"F\u00e9lix Sol\u00eds Avantis est le leader dans le secteur international du vin, avec une pr\u00e9sence dans plus de 115\u00a0pays. Appartenant aux fr\u00e8res Sol\u00eds de troisi\u00e8me g\u00e9n\u00e9ration, la famille s&#039;efforce de fusionner la tradition et l&#039;innovation. \u00a0\" \/>\n<meta property=\"og:url\" content=\"https:\/\/felixsolisavantis.com\/fr\/\" \/>\n<meta property=\"og:site_name\" content=\"F\u00e9lix Sol\u00eds Avantis\" \/>\n<meta property=\"article:publisher\" content=\"https:\/\/www.facebook.com\/felixsolis.avantis\" \/>\n<meta property=\"article:modified_time\" content=\"2026-01-21T12:37:05+00:00\" \/>\n<meta name=\"twitter:card\" content=\"summary_large_image\" \/>\n<meta name=\"twitter:site\" content=\"@felixsolisgrupo\" \/>\n<script type=\"application\/ld+json\" class=\"yoast-schema-graph\">{\"@context\":\"https:\/\/schema.org\",\"@graph\":[{\"@type\":\"WebPage\",\"@id\":\"https:\/\/felixsolisavantis.com\/fr\/\",\"url\":\"https:\/\/felixsolisavantis.com\/fr\/\",\"name\":\"Home | F\u00e9lix Sol\u00eds Avantis\",\"isPartOf\":{\"@id\":\"https:\/\/felixsolisavantis.com\/#website\"},\"datePublished\":\"2016-05-03T06:55:50+00:00\",\"dateModified\":\"2026-01-21T12:37:05+00:00\",\"description\":\"F\u00e9lix Sol\u00eds Avantis est le leader dans le secteur international du vin, avec une pr\u00e9sence dans plus de 115\u00a0pays. Appartenant aux fr\u00e8res Sol\u00eds de troisi\u00e8me g\u00e9n\u00e9ration, la famille s'efforce de fusionner la tradition et l'innovation. \u00a0\",\"inLanguage\":\"fr-FR\",\"potentialAction\":[{\"@type\":\"ReadAction\",\"target\":[\"https:\/\/felixsolisavantis.com\/fr\/\"]}]},{\"@type\":\"WebSite\",\"@id\":\"https:\/\/felixsolisavantis.com\/#website\",\"url\":\"https:\/\/felixsolisavantis.com\/\",\"name\":\"F\u00e9lix Sol\u00eds Avantis\",\"description\":\"\",\"publisher\":{\"@id\":\"https:\/\/felixsolisavantis.com\/#organization\"},\"potentialAction\":[{\"@type\":\"SearchAction\",\"target\":{\"@type\":\"EntryPoint\",\"urlTemplate\":\"https:\/\/felixsolisavantis.com\/?s={search_term_string}\"},\"query-input\":\"required name=search_term_string\"}],\"inLanguage\":\"fr-FR\"},{\"@type\":\"Organization\",\"@id\":\"https:\/\/felixsolisavantis.com\/#organization\",\"name\":\"F\u00e9lix Sol\u00eds Avantis\",\"url\":\"https:\/\/felixsolisavantis.com\/\",\"logo\":{\"@type\":\"ImageObject\",\"inLanguage\":\"fr-FR\",\"@id\":\"https:\/\/felixsolisavantis.com\/#\/schema\/logo\/image\/\",\"url\":\"https:\/\/felixsolisavantis.com\/app\/uploads\/2022\/03\/felix_solis_avantis_logo_neg_rgb_black.png\",\"contentUrl\":\"https:\/\/felixsolisavantis.com\/app\/uploads\/2022\/03\/felix_solis_avantis_logo_neg_rgb_black.png\",\"width\":1820,\"height\":705,\"caption\":\"F\u00e9lix Sol\u00eds Avantis\"},\"image\":{\"@id\":\"https:\/\/felixsolisavantis.com\/#\/schema\/logo\/image\/\"},\"sameAs\":[\"https:\/\/www.facebook.com\/felixsolis.avantis\",\"https:\/\/twitter.com\/felixsolisgrupo\",\"https:\/\/www.instagram.com\/felixsolisavantis\/\"]}]}<\/script>\n<!-- \/ Yoast SEO plugin. -->","yoast_head_json":{"title":"Home | F\u00e9lix Sol\u00eds Avantis","description":"F\u00e9lix Sol\u00eds Avantis est le leader dans le secteur international du vin, avec une pr\u00e9sence dans plus de 115\u00a0pays. Appartenant aux fr\u00e8res Sol\u00eds de troisi\u00e8me g\u00e9n\u00e9ration, la famille s'efforce de fusionner la tradition et l'innovation. \u00a0","robots":{"index":"index","follow":"follow","max-snippet":"max-snippet:-1","max-image-preview":"max-image-preview:large","max-video-preview":"max-video-preview:-1"},"canonical":"https:\/\/felixsolisavantis.com\/fr\/","og_locale":"fr_FR","og_type":"article","og_title":"Home | F\u00e9lix Sol\u00eds Avantis","og_description":"F\u00e9lix Sol\u00eds Avantis est le leader dans le secteur international du vin, avec une pr\u00e9sence dans plus de 115\u00a0pays. Appartenant aux fr\u00e8res Sol\u00eds de troisi\u00e8me g\u00e9n\u00e9ration, la famille s'efforce de fusionner la tradition et l'innovation. \u00a0","og_url":"https:\/\/felixsolisavantis.com\/fr\/","og_site_name":"F\u00e9lix Sol\u00eds Avantis","article_publisher":"https:\/\/www.facebook.com\/felixsolis.avantis","article_modified_time":"2026-01-21T12:37:05+00:00","twitter_card":"summary_large_image","twitter_site":"@felixsolisgrupo","schema":{"@context":"https:\/\/schema.org","@graph":[{"@type":"WebPage","@id":"https:\/\/felixsolisavantis.com\/fr\/","url":"https:\/\/felixsolisavantis.com\/fr\/","name":"Home | F\u00e9lix Sol\u00eds Avantis","isPartOf":{"@id":"https:\/\/felixsolisavantis.com\/#website"},"datePublished":"2016-05-03T06:55:50+00:00","dateModified":"2026-01-21T12:37:05+00:00","description":"F\u00e9lix Sol\u00eds Avantis est le leader dans le secteur international du vin, avec une pr\u00e9sence dans plus de 115\u00a0pays. Appartenant aux fr\u00e8res Sol\u00eds de troisi\u00e8me g\u00e9n\u00e9ration, la famille s'efforce de fusionner la tradition et l'innovation. \u00a0","inLanguage":"fr-FR","potentialAction":[{"@type":"ReadAction","target":["https:\/\/felixsolisavantis.com\/fr\/"]}]},{"@type":"WebSite","@id":"https:\/\/felixsolisavantis.com\/#website","url":"https:\/\/felixsolisavantis.com\/","name":"F\u00e9lix Sol\u00eds Avantis","description":"","publisher":{"@id":"https:\/\/felixsolisavantis.com\/#organization"},"potentialAction":[{"@type":"SearchAction","target":{"@type":"EntryPoint","urlTemplate":"https:\/\/felixsolisavantis.com\/?s={search_term_string}"},"query-input":"required name=search_term_string"}],"inLanguage":"fr-FR"},{"@type":"Organization","@id":"https:\/\/felixsolisavantis.com\/#organization","name":"F\u00e9lix Sol\u00eds Avantis","url":"https:\/\/felixsolisavantis.com\/","logo":{"@type":"ImageObject","inLanguage":"fr-FR","@id":"https:\/\/felixsolisavantis.com\/#\/schema\/logo\/image\/","url":"https:\/\/felixsolisavantis.com\/app\/uploads\/2022\/03\/felix_solis_avantis_logo_neg_rgb_black.png","contentUrl":"https:\/\/felixsolisavantis.com\/app\/uploads\/2022\/03\/felix_solis_avantis_logo_neg_rgb_black.png","width":1820,"height":705,"caption":"F\u00e9lix Sol\u00eds Avantis"},"image":{"@id":"https:\/\/felixsolisavantis.com\/#\/schema\/logo\/image\/"},"sameAs":["https:\/\/www.facebook.com\/felixsolis.avantis","https:\/\/twitter.com\/felixsolisgrupo","https:\/\/www.instagram.com\/felixsolisavantis\/"]}]}},"_links":{"self":[{"href":"https:\/\/felixsolisavantis.com\/fr\/wp-json\/wp\/v2\/pages\/8366"}],"collection":[{"href":"https:\/\/felixsolisavantis.com\/fr\/wp-json\/wp\/v2\/pages"}],"about":[{"href":"https:\/\/felixsolisavantis.com\/fr\/wp-json\/wp\/v2\/types\/page"}],"author":[{"embeddable":true,"href":"https:\/\/felixsolisavantis.com\/fr\/wp-json\/wp\/v2\/users\/4"}],"replies":[{"embeddable":true,"href":"https:\/\/felixsolisavantis.com\/fr\/wp-json\/wp\/v2\/comments?post=8366"}],"version-history":[{"count":10,"href":"https:\/\/felixsolisavantis.com\/fr\/wp-json\/wp\/v2\/pages\/8366\/revisions"}],"predecessor-version":[{"id":31508,"href":"https:\/\/felixsolisavantis.com\/fr\/wp-json\/wp\/v2\/pages\/8366\/revisions\/31508"}],"wp:attachment":[{"href":"https:\/\/felixsolisavantis.com\/fr\/wp-json\/wp\/v2\/media?parent=8366"}],"curies":[{"name":"wp","href":"https:\/\/api.w.org\/{rel}","templated":true}]}}