{"id":8333,"date":"2016-03-23T13:50:59","date_gmt":"2016-03-23T13:50:59","guid":{"rendered":"http:\/\/felixsolisavantis.com\/fr\/?page_id=8333"},"modified":"2025-05-20T14:42:16","modified_gmt":"2025-05-20T13:42:16","slug":"lentreprise","status":"publish","type":"page","link":"https:\/\/felixsolisavantis.com\/fr\/lentreprise\/","title":{"rendered":"L&#8217;entreprise"},"content":{"rendered":"","protected":false},"excerpt":{"rendered":"","protected":false},"author":4,"featured_media":0,"parent":0,"menu_order":0,"comment_status":"open","ping_status":"closed","template":"page-company.php","meta":{"footnotes":""},"acf":[],"yoast_head":"<!-- This site is optimized with the Yoast SEO plugin v21.6 - https:\/\/yoast.com\/wordpress\/plugins\/seo\/ -->\n<title>L&#039;entreprise | F\u00e9lix Sol\u00eds Avantis<\/title>\n<meta name=\"description\" content=\"Le vin devrait pouvoir \u00eatre savour\u00e9 par tous... c&#039;est pourquoi nous faisons tout notre possible pour produire des vins de qualit\u00e9 en cultivant le raisin et en travaillant nos vins selon les m\u00eames valeurs avec lesquelles notre grand-p\u00e8re a commenc\u00e9 son m\u00e9tier. \u00bbLes Fr\u00e8res Sol\u00eds.\" \/>\n<meta name=\"robots\" content=\"index, follow, max-snippet:-1, max-image-preview:large, max-video-preview:-1\" \/>\n<link rel=\"canonical\" href=\"https:\/\/felixsolisavantis.com\/fr\/lentreprise\/\" \/>\n<meta property=\"og:locale\" content=\"fr_FR\" \/>\n<meta property=\"og:type\" content=\"article\" \/>\n<meta property=\"og:title\" content=\"L&#039;entreprise | F\u00e9lix Sol\u00eds Avantis\" \/>\n<meta property=\"og:description\" content=\"Le vin devrait pouvoir \u00eatre savour\u00e9 par tous... c&#039;est pourquoi nous faisons tout notre possible pour produire des vins de qualit\u00e9 en cultivant le raisin et en travaillant nos vins selon les m\u00eames valeurs avec lesquelles notre grand-p\u00e8re a commenc\u00e9 son m\u00e9tier. \u00bbLes Fr\u00e8res Sol\u00eds.\" \/>\n<meta property=\"og:url\" content=\"https:\/\/felixsolisavantis.com\/fr\/lentreprise\/\" \/>\n<meta property=\"og:site_name\" content=\"F\u00e9lix Sol\u00eds Avantis\" \/>\n<meta property=\"article:publisher\" content=\"https:\/\/www.facebook.com\/felixsolis.avantis\" \/>\n<meta property=\"article:modified_time\" content=\"2025-05-20T13:42:16+00:00\" \/>\n<meta name=\"twitter:card\" content=\"summary_large_image\" \/>\n<meta name=\"twitter:site\" content=\"@felixsolisgrupo\" \/>\n<script type=\"application\/ld+json\" class=\"yoast-schema-graph\">{\"@context\":\"https:\/\/schema.org\",\"@graph\":[{\"@type\":\"WebPage\",\"@id\":\"https:\/\/felixsolisavantis.com\/fr\/lentreprise\/\",\"url\":\"https:\/\/felixsolisavantis.com\/fr\/lentreprise\/\",\"name\":\"L'entreprise | F\u00e9lix Sol\u00eds Avantis\",\"isPartOf\":{\"@id\":\"https:\/\/felixsolisavantis.com\/#website\"},\"datePublished\":\"2016-03-23T13:50:59+00:00\",\"dateModified\":\"2025-05-20T13:42:16+00:00\",\"description\":\"Le vin devrait pouvoir \u00eatre savour\u00e9 par tous... c'est pourquoi nous faisons tout notre possible pour produire des vins de qualit\u00e9 en cultivant le raisin et en travaillant nos vins selon les m\u00eames valeurs avec lesquelles notre grand-p\u00e8re a commenc\u00e9 son m\u00e9tier. \u00bbLes Fr\u00e8res Sol\u00eds.\",\"inLanguage\":\"fr-FR\",\"potentialAction\":[{\"@type\":\"ReadAction\",\"target\":[\"https:\/\/felixsolisavantis.com\/fr\/lentreprise\/\"]}]},{\"@type\":\"WebSite\",\"@id\":\"https:\/\/felixsolisavantis.com\/#website\",\"url\":\"https:\/\/felixsolisavantis.com\/\",\"name\":\"F\u00e9lix Sol\u00eds Avantis\",\"description\":\"\",\"publisher\":{\"@id\":\"https:\/\/felixsolisavantis.com\/#organization\"},\"potentialAction\":[{\"@type\":\"SearchAction\",\"target\":{\"@type\":\"EntryPoint\",\"urlTemplate\":\"https:\/\/felixsolisavantis.com\/?s={search_term_string}\"},\"query-input\":\"required name=search_term_string\"}],\"inLanguage\":\"fr-FR\"},{\"@type\":\"Organization\",\"@id\":\"https:\/\/felixsolisavantis.com\/#organization\",\"name\":\"F\u00e9lix Sol\u00eds Avantis\",\"url\":\"https:\/\/felixsolisavantis.com\/\",\"logo\":{\"@type\":\"ImageObject\",\"inLanguage\":\"fr-FR\",\"@id\":\"https:\/\/felixsolisavantis.com\/#\/schema\/logo\/image\/\",\"url\":\"https:\/\/felixsolisavantis.com\/app\/uploads\/2022\/03\/felix_solis_avantis_logo_neg_rgb_black.png\",\"contentUrl\":\"https:\/\/felixsolisavantis.com\/app\/uploads\/2022\/03\/felix_solis_avantis_logo_neg_rgb_black.png\",\"width\":1820,\"height\":705,\"caption\":\"F\u00e9lix Sol\u00eds Avantis\"},\"image\":{\"@id\":\"https:\/\/felixsolisavantis.com\/#\/schema\/logo\/image\/\"},\"sameAs\":[\"https:\/\/www.facebook.com\/felixsolis.avantis\",\"https:\/\/twitter.com\/felixsolisgrupo\",\"https:\/\/www.instagram.com\/felixsolisavantis\/\"]}]}<\/script>\n<!-- \/ Yoast SEO plugin. -->","yoast_head_json":{"title":"L'entreprise | F\u00e9lix Sol\u00eds Avantis","description":"Le vin devrait pouvoir \u00eatre savour\u00e9 par tous... c'est pourquoi nous faisons tout notre possible pour produire des vins de qualit\u00e9 en cultivant le raisin et en travaillant nos vins selon les m\u00eames valeurs avec lesquelles notre grand-p\u00e8re a commenc\u00e9 son m\u00e9tier. \u00bbLes Fr\u00e8res Sol\u00eds.","robots":{"index":"index","follow":"follow","max-snippet":"max-snippet:-1","max-image-preview":"max-image-preview:large","max-video-preview":"max-video-preview:-1"},"canonical":"https:\/\/felixsolisavantis.com\/fr\/lentreprise\/","og_locale":"fr_FR","og_type":"article","og_title":"L'entreprise | F\u00e9lix Sol\u00eds Avantis","og_description":"Le vin devrait pouvoir \u00eatre savour\u00e9 par tous... c'est pourquoi nous faisons tout notre possible pour produire des vins de qualit\u00e9 en cultivant le raisin et en travaillant nos vins selon les m\u00eames valeurs avec lesquelles notre grand-p\u00e8re a commenc\u00e9 son m\u00e9tier. \u00bbLes Fr\u00e8res Sol\u00eds.","og_url":"https:\/\/felixsolisavantis.com\/fr\/lentreprise\/","og_site_name":"F\u00e9lix Sol\u00eds Avantis","article_publisher":"https:\/\/www.facebook.com\/felixsolis.avantis","article_modified_time":"2025-05-20T13:42:16+00:00","twitter_card":"summary_large_image","twitter_site":"@felixsolisgrupo","schema":{"@context":"https:\/\/schema.org","@graph":[{"@type":"WebPage","@id":"https:\/\/felixsolisavantis.com\/fr\/lentreprise\/","url":"https:\/\/felixsolisavantis.com\/fr\/lentreprise\/","name":"L'entreprise | F\u00e9lix Sol\u00eds Avantis","isPartOf":{"@id":"https:\/\/felixsolisavantis.com\/#website"},"datePublished":"2016-03-23T13:50:59+00:00","dateModified":"2025-05-20T13:42:16+00:00","description":"Le vin devrait pouvoir \u00eatre savour\u00e9 par tous... c'est pourquoi nous faisons tout notre possible pour produire des vins de qualit\u00e9 en cultivant le raisin et en travaillant nos vins selon les m\u00eames valeurs avec lesquelles notre grand-p\u00e8re a commenc\u00e9 son m\u00e9tier. \u00bbLes Fr\u00e8res Sol\u00eds.","inLanguage":"fr-FR","potentialAction":[{"@type":"ReadAction","target":["https:\/\/felixsolisavantis.com\/fr\/lentreprise\/"]}]},{"@type":"WebSite","@id":"https:\/\/felixsolisavantis.com\/#website","url":"https:\/\/felixsolisavantis.com\/","name":"F\u00e9lix Sol\u00eds Avantis","description":"","publisher":{"@id":"https:\/\/felixsolisavantis.com\/#organization"},"potentialAction":[{"@type":"SearchAction","target":{"@type":"EntryPoint","urlTemplate":"https:\/\/felixsolisavantis.com\/?s={search_term_string}"},"query-input":"required name=search_term_string"}],"inLanguage":"fr-FR"},{"@type":"Organization","@id":"https:\/\/felixsolisavantis.com\/#organization","name":"F\u00e9lix Sol\u00eds Avantis","url":"https:\/\/felixsolisavantis.com\/","logo":{"@type":"ImageObject","inLanguage":"fr-FR","@id":"https:\/\/felixsolisavantis.com\/#\/schema\/logo\/image\/","url":"https:\/\/felixsolisavantis.com\/app\/uploads\/2022\/03\/felix_solis_avantis_logo_neg_rgb_black.png","contentUrl":"https:\/\/felixsolisavantis.com\/app\/uploads\/2022\/03\/felix_solis_avantis_logo_neg_rgb_black.png","width":1820,"height":705,"caption":"F\u00e9lix Sol\u00eds Avantis"},"image":{"@id":"https:\/\/felixsolisavantis.com\/#\/schema\/logo\/image\/"},"sameAs":["https:\/\/www.facebook.com\/felixsolis.avantis","https:\/\/twitter.com\/felixsolisgrupo","https:\/\/www.instagram.com\/felixsolisavantis\/"]}]}},"_links":{"self":[{"href":"https:\/\/felixsolisavantis.com\/fr\/wp-json\/wp\/v2\/pages\/8333"}],"collection":[{"href":"https:\/\/felixsolisavantis.com\/fr\/wp-json\/wp\/v2\/pages"}],"about":[{"href":"https:\/\/felixsolisavantis.com\/fr\/wp-json\/wp\/v2\/types\/page"}],"author":[{"embeddable":true,"href":"https:\/\/felixsolisavantis.com\/fr\/wp-json\/wp\/v2\/users\/4"}],"replies":[{"embeddable":true,"href":"https:\/\/felixsolisavantis.com\/fr\/wp-json\/wp\/v2\/comments?post=8333"}],"version-history":[{"count":8,"href":"https:\/\/felixsolisavantis.com\/fr\/wp-json\/wp\/v2\/pages\/8333\/revisions"}],"predecessor-version":[{"id":30344,"href":"https:\/\/felixsolisavantis.com\/fr\/wp-json\/wp\/v2\/pages\/8333\/revisions\/30344"}],"wp:attachment":[{"href":"https:\/\/felixsolisavantis.com\/fr\/wp-json\/wp\/v2\/media?parent=8333"}],"curies":[{"name":"wp","href":"https:\/\/api.w.org\/{rel}","templated":true}]}}