{"id":8318,"date":"2016-03-05T16:57:01","date_gmt":"2016-03-05T16:57:01","guid":{"rendered":"http:\/\/felixsolisavantis.com\/fr\/?page_id=8318"},"modified":"2019-10-22T10:19:58","modified_gmt":"2019-10-22T10:19:58","slug":"mentions-legales","status":"publish","type":"page","link":"https:\/\/felixsolisavantis.com\/fr\/mentions-legales\/","title":{"rendered":"Mentions l\u00e9gales"},"content":{"rendered":"<p>Toutes informations que vous transmettrez \u00e0 F\u00e9lix Sol\u00eds Avantis S.A. seront trait\u00e9es dans le respect de la loi organique espagnole 2016\/679 (L.O.P.D) concernant la protection des donn\u00e9es \u00e0 caract\u00e8re personnel.<\/p>\n<p>Tout le contenu de ce site Web, et notamment les marques, les appellations commerciales, les dessins industriels, les dessins, les textes, les photographies, les sch\u00e9mas, les logos, les ic\u00f4nes, les logiciels et tout autre signe susceptible d\u2019avoir une utilisation industrielle et commerciale, est prot\u00e9g\u00e9 par droit d\u2019auteur de F\u00e9lix Sol\u00eds Avantis S.A. ou par un tiers propri\u00e9taire de ces signes qui aurait autoris\u00e9 leur inclusion dans le site Web. Il est strictement interdit d\u2019utiliser et\/ou de reproduire ces signes de toute mani\u00e8re que ce soit, sans le consentement sp\u00e9cifique de F\u00e9lix Sol\u00eds Avantis \u00e0 travers un moyen y compris Internet (noms de domaine, r\u00e9seaux sociaux, blogs, etc.).<\/p>\n<p>F\u00e9lix Sol\u00eds Avantis S.A. ne sera tenu responsable d\u2019aucune violation de droit d\u2019auteur par un tiers r\u00e9sultant de l\u2019inclusion sur le site Web de marques, d\u2019appellations commerciales, de dessins industriels, de dessins, de textes, de photographies, de sch\u00e9mas, de logos, d\u2019ic\u00f4nes ou de logiciels appartenant \u00e0 des tiers pouvant avoir d\u00e9clar\u00e9 qu\u2019il \u00e9tait le propri\u00e9taire de ces signes en les incluant sur le site Web. Il n\u2019est pas non plus tenu responsable des opinions ou commentaires des utilisateurs sur les blogs ou r\u00e9seaux sociaux sans pr\u00e9judice des actions pouvant \u00eatre men\u00e9es pour \u00e9liminer ces opinions et commentaires lorsque ces derniers vont \u00e0 l\u2019encontre de la loi.<\/p>\n","protected":false},"excerpt":{"rendered":"<p>Toutes informations que vous transmettrez \u00e0 F\u00e9lix Sol\u00eds Avantis S.A. seront trait\u00e9es dans le respect de la loi organique espagnole 2016\/679 (L.O.P.D) concernant la protection des donn\u00e9es \u00e0 caract\u00e8re personnel. Tout le contenu de ce site Web, et notamment les marques, les appellations commerciales, les dessins industriels, les dessins, les textes, les photographies, les sch\u00e9mas, les logos, les ic\u00f4nes, les logiciels et tout autre signe susceptible d\u2019avoir une utilisation industrielle et commerciale, est prot\u00e9g\u00e9 par droit d\u2019auteur de F\u00e9lix Sol\u00eds Avantis S.A. ou par un tiers propri\u00e9taire de ces signes qui aurait autoris\u00e9 leur inclusion dans le site Web. Il est strictement interdit d\u2019utiliser et\/ou de reproduire ces signes de [&hellip;]<\/p>\n","protected":false},"author":4,"featured_media":0,"parent":0,"menu_order":0,"comment_status":"open","ping_status":"open","template":"page-general.php","meta":{"footnotes":""},"acf":[],"yoast_head":"<!-- This site is optimized with the Yoast SEO plugin v21.6 - https:\/\/yoast.com\/wordpress\/plugins\/seo\/ -->\n<title>Mentions l\u00e9gales | F\u00e9lix Sol\u00eds Avantis<\/title>\n<meta name=\"robots\" content=\"index, follow, max-snippet:-1, max-image-preview:large, max-video-preview:-1\" \/>\n<link rel=\"canonical\" href=\"https:\/\/felixsolisavantis.com\/fr\/mentions-legales\/\" \/>\n<meta property=\"og:locale\" content=\"fr_FR\" \/>\n<meta property=\"og:type\" content=\"article\" \/>\n<meta property=\"og:title\" content=\"Mentions l\u00e9gales | F\u00e9lix Sol\u00eds Avantis\" \/>\n<meta property=\"og:description\" content=\"Toutes informations que vous transmettrez \u00e0 F\u00e9lix Sol\u00eds Avantis S.A. seront trait\u00e9es dans le respect de la loi organique espagnole 2016\/679 (L.O.P.D) concernant la protection des donn\u00e9es \u00e0 caract\u00e8re personnel. Tout le contenu de ce site Web, et notamment les marques, les appellations commerciales, les dessins industriels, les dessins, les textes, les photographies, les sch\u00e9mas, les logos, les ic\u00f4nes, les logiciels et tout autre signe susceptible d\u2019avoir une utilisation industrielle et commerciale, est prot\u00e9g\u00e9 par droit d\u2019auteur de F\u00e9lix Sol\u00eds Avantis S.A. ou par un tiers propri\u00e9taire de ces signes qui aurait autoris\u00e9 leur inclusion dans le site Web. Il est strictement interdit d\u2019utiliser et\/ou de reproduire ces signes de [&hellip;]\" \/>\n<meta property=\"og:url\" content=\"https:\/\/felixsolisavantis.com\/fr\/mentions-legales\/\" \/>\n<meta property=\"og:site_name\" content=\"F\u00e9lix Sol\u00eds Avantis\" \/>\n<meta property=\"article:publisher\" content=\"https:\/\/www.facebook.com\/felixsolis.avantis\" \/>\n<meta property=\"article:modified_time\" content=\"2019-10-22T10:19:58+00:00\" \/>\n<meta name=\"twitter:card\" content=\"summary_large_image\" \/>\n<meta name=\"twitter:site\" content=\"@felixsolisgrupo\" \/>\n<meta name=\"twitter:label1\" content=\"Dur\u00e9e de lecture estim\u00e9e\" \/>\n\t<meta name=\"twitter:data1\" content=\"1 minute\" \/>\n<script type=\"application\/ld+json\" class=\"yoast-schema-graph\">{\"@context\":\"https:\/\/schema.org\",\"@graph\":[{\"@type\":\"WebPage\",\"@id\":\"https:\/\/felixsolisavantis.com\/fr\/mentions-legales\/\",\"url\":\"https:\/\/felixsolisavantis.com\/fr\/mentions-legales\/\",\"name\":\"Mentions l\u00e9gales | F\u00e9lix Sol\u00eds Avantis\",\"isPartOf\":{\"@id\":\"https:\/\/felixsolisavantis.com\/#website\"},\"datePublished\":\"2016-03-05T16:57:01+00:00\",\"dateModified\":\"2019-10-22T10:19:58+00:00\",\"inLanguage\":\"fr-FR\",\"potentialAction\":[{\"@type\":\"ReadAction\",\"target\":[\"https:\/\/felixsolisavantis.com\/fr\/mentions-legales\/\"]}]},{\"@type\":\"WebSite\",\"@id\":\"https:\/\/felixsolisavantis.com\/#website\",\"url\":\"https:\/\/felixsolisavantis.com\/\",\"name\":\"F\u00e9lix Sol\u00eds Avantis\",\"description\":\"\",\"publisher\":{\"@id\":\"https:\/\/felixsolisavantis.com\/#organization\"},\"potentialAction\":[{\"@type\":\"SearchAction\",\"target\":{\"@type\":\"EntryPoint\",\"urlTemplate\":\"https:\/\/felixsolisavantis.com\/?s={search_term_string}\"},\"query-input\":\"required name=search_term_string\"}],\"inLanguage\":\"fr-FR\"},{\"@type\":\"Organization\",\"@id\":\"https:\/\/felixsolisavantis.com\/#organization\",\"name\":\"F\u00e9lix Sol\u00eds Avantis\",\"url\":\"https:\/\/felixsolisavantis.com\/\",\"logo\":{\"@type\":\"ImageObject\",\"inLanguage\":\"fr-FR\",\"@id\":\"https:\/\/felixsolisavantis.com\/#\/schema\/logo\/image\/\",\"url\":\"https:\/\/felixsolisavantis.com\/app\/uploads\/2022\/03\/felix_solis_avantis_logo_neg_rgb_black.png\",\"contentUrl\":\"https:\/\/felixsolisavantis.com\/app\/uploads\/2022\/03\/felix_solis_avantis_logo_neg_rgb_black.png\",\"width\":1820,\"height\":705,\"caption\":\"F\u00e9lix Sol\u00eds Avantis\"},\"image\":{\"@id\":\"https:\/\/felixsolisavantis.com\/#\/schema\/logo\/image\/\"},\"sameAs\":[\"https:\/\/www.facebook.com\/felixsolis.avantis\",\"https:\/\/twitter.com\/felixsolisgrupo\",\"https:\/\/www.instagram.com\/felixsolisavantis\/\"]}]}<\/script>\n<!-- \/ Yoast SEO plugin. -->","yoast_head_json":{"title":"Mentions l\u00e9gales | F\u00e9lix Sol\u00eds Avantis","robots":{"index":"index","follow":"follow","max-snippet":"max-snippet:-1","max-image-preview":"max-image-preview:large","max-video-preview":"max-video-preview:-1"},"canonical":"https:\/\/felixsolisavantis.com\/fr\/mentions-legales\/","og_locale":"fr_FR","og_type":"article","og_title":"Mentions l\u00e9gales | F\u00e9lix Sol\u00eds Avantis","og_description":"Toutes informations que vous transmettrez \u00e0 F\u00e9lix Sol\u00eds Avantis S.A. seront trait\u00e9es dans le respect de la loi organique espagnole 2016\/679 (L.O.P.D) concernant la protection des donn\u00e9es \u00e0 caract\u00e8re personnel. Tout le contenu de ce site Web, et notamment les marques, les appellations commerciales, les dessins industriels, les dessins, les textes, les photographies, les sch\u00e9mas, les logos, les ic\u00f4nes, les logiciels et tout autre signe susceptible d\u2019avoir une utilisation industrielle et commerciale, est prot\u00e9g\u00e9 par droit d\u2019auteur de F\u00e9lix Sol\u00eds Avantis S.A. ou par un tiers propri\u00e9taire de ces signes qui aurait autoris\u00e9 leur inclusion dans le site Web. Il est strictement interdit d\u2019utiliser et\/ou de reproduire ces signes de [&hellip;]","og_url":"https:\/\/felixsolisavantis.com\/fr\/mentions-legales\/","og_site_name":"F\u00e9lix Sol\u00eds Avantis","article_publisher":"https:\/\/www.facebook.com\/felixsolis.avantis","article_modified_time":"2019-10-22T10:19:58+00:00","twitter_card":"summary_large_image","twitter_site":"@felixsolisgrupo","twitter_misc":{"Dur\u00e9e de lecture estim\u00e9e":"1 minute"},"schema":{"@context":"https:\/\/schema.org","@graph":[{"@type":"WebPage","@id":"https:\/\/felixsolisavantis.com\/fr\/mentions-legales\/","url":"https:\/\/felixsolisavantis.com\/fr\/mentions-legales\/","name":"Mentions l\u00e9gales | F\u00e9lix Sol\u00eds Avantis","isPartOf":{"@id":"https:\/\/felixsolisavantis.com\/#website"},"datePublished":"2016-03-05T16:57:01+00:00","dateModified":"2019-10-22T10:19:58+00:00","inLanguage":"fr-FR","potentialAction":[{"@type":"ReadAction","target":["https:\/\/felixsolisavantis.com\/fr\/mentions-legales\/"]}]},{"@type":"WebSite","@id":"https:\/\/felixsolisavantis.com\/#website","url":"https:\/\/felixsolisavantis.com\/","name":"F\u00e9lix Sol\u00eds Avantis","description":"","publisher":{"@id":"https:\/\/felixsolisavantis.com\/#organization"},"potentialAction":[{"@type":"SearchAction","target":{"@type":"EntryPoint","urlTemplate":"https:\/\/felixsolisavantis.com\/?s={search_term_string}"},"query-input":"required name=search_term_string"}],"inLanguage":"fr-FR"},{"@type":"Organization","@id":"https:\/\/felixsolisavantis.com\/#organization","name":"F\u00e9lix Sol\u00eds Avantis","url":"https:\/\/felixsolisavantis.com\/","logo":{"@type":"ImageObject","inLanguage":"fr-FR","@id":"https:\/\/felixsolisavantis.com\/#\/schema\/logo\/image\/","url":"https:\/\/felixsolisavantis.com\/app\/uploads\/2022\/03\/felix_solis_avantis_logo_neg_rgb_black.png","contentUrl":"https:\/\/felixsolisavantis.com\/app\/uploads\/2022\/03\/felix_solis_avantis_logo_neg_rgb_black.png","width":1820,"height":705,"caption":"F\u00e9lix Sol\u00eds Avantis"},"image":{"@id":"https:\/\/felixsolisavantis.com\/#\/schema\/logo\/image\/"},"sameAs":["https:\/\/www.facebook.com\/felixsolis.avantis","https:\/\/twitter.com\/felixsolisgrupo","https:\/\/www.instagram.com\/felixsolisavantis\/"]}]}},"_links":{"self":[{"href":"https:\/\/felixsolisavantis.com\/fr\/wp-json\/wp\/v2\/pages\/8318"}],"collection":[{"href":"https:\/\/felixsolisavantis.com\/fr\/wp-json\/wp\/v2\/pages"}],"about":[{"href":"https:\/\/felixsolisavantis.com\/fr\/wp-json\/wp\/v2\/types\/page"}],"author":[{"embeddable":true,"href":"https:\/\/felixsolisavantis.com\/fr\/wp-json\/wp\/v2\/users\/4"}],"replies":[{"embeddable":true,"href":"https:\/\/felixsolisavantis.com\/fr\/wp-json\/wp\/v2\/comments?post=8318"}],"version-history":[{"count":1,"href":"https:\/\/felixsolisavantis.com\/fr\/wp-json\/wp\/v2\/pages\/8318\/revisions"}],"predecessor-version":[{"id":21717,"href":"https:\/\/felixsolisavantis.com\/fr\/wp-json\/wp\/v2\/pages\/8318\/revisions\/21717"}],"wp:attachment":[{"href":"https:\/\/felixsolisavantis.com\/fr\/wp-json\/wp\/v2\/media?parent=8318"}],"curies":[{"name":"wp","href":"https:\/\/api.w.org\/{rel}","templated":true}]}}