{"id":8317,"date":"2016-03-05T17:02:28","date_gmt":"2016-03-05T17:02:28","guid":{"rendered":"http:\/\/felixsolisavantis.com\/fr\/?page_id=8317"},"modified":"2026-04-09T12:25:42","modified_gmt":"2026-04-09T11:25:42","slug":"politique-de-confidentialite","status":"publish","type":"page","link":"https:\/\/felixsolisavantis.com\/fr\/politique-de-confidentialite\/","title":{"rendered":"Politique de Confidentialit\u00e9"},"content":{"rendered":"<p><strong>TRAITEMENT ET PROTECTION DES DONN\u00c9ES \u00c0 CARACT\u00c8RE PERSONNEL<\/strong><\/p>\n<p>F\u00e9lix Sol\u00eds Avantis, S.A. est le responsable du traitement des donn\u00e9es personnelles de l&#8217;int\u00e9ress\u00e9 et l&#8217;informe que ces donn\u00e9es seront trait\u00e9es conform\u00e9ment aux dispositions du R\u00e8glement (UE) 2016\/679 (RGPD) <strong>et de la Loi Organique 3\/2018, du 5 d\u00e9cembre, relative \u00e0 la protection des donn\u00e9es personnelles et \u00e0 la garantie des droits num\u00e9riques (LOPDGDD).<\/strong><\/p>\n<p>Informations sur la protection des donn\u00e9es personnelles<\/p>\n<ul>\n<li>R\u00e9ception des donn\u00e9es personnelles<\/li>\n<li>Responsable du traitement de vos donn\u00e9es personnelles<\/li>\n<li><strong>D\u00e9l\u00e9gu\u00e9 \u00e0 la Protection des Donn\u00e9es (DPD)<\/strong><\/li>\n<li>Finalit\u00e9 du traitement des donn\u00e9es personnelles<\/li>\n<li>L\u00e9gitimation du traitement des donn\u00e9es personnelles<\/li>\n<li>Destinataires des donn\u00e9es personnelles<\/li>\n<li>Dur\u00e9e de conservation des donn\u00e9es<\/li>\n<li>Droits de l&#8217;int\u00e9ress\u00e9<\/li>\n<li>Mesures de s\u00e9curit\u00e9<\/li>\n<li>Modifications de la politique de s\u00e9curit\u00e9 et de protection des donn\u00e9es<\/li>\n<\/ul>\n<p><strong>R\u00e9ception des donn\u00e9es personnelles<\/strong><\/p>\n<ul>\n<li>Toutes les donn\u00e9es personnelles trait\u00e9es chez F\u00e9lix Sol\u00eds Avantis, S.A. sont fournies par les int\u00e9ress\u00e9s eux-m\u00eames ou leurs repr\u00e9sentants l\u00e9gaux. <strong>Dans le cas o\u00f9 les donn\u00e9es seraient fournies par des tiers, l&#8217;int\u00e9ress\u00e9 garantit qu&#8217;il dispose de l&#8217;autorisation n\u00e9cessaire \u00e0 cet effet.<\/strong><\/li>\n<\/ul>\n<p><strong>Responsable du traitement de vos donn\u00e9es personnelles<\/strong><\/p>\n<ul>\n<li><strong><em>Identit\u00e9<\/em><\/strong> : F\u00e9lix Sol\u00eds Avantis, S.A.<\/li>\n<li><strong><em>NIF<\/em><\/strong> : A13008339<\/li>\n<li><strong><em>Adresse postale<\/em><\/strong> : Autov\u00eda del Sur km 199, 13300 Valdepe\u00f1as (Ciudad Real), Espagne<\/li>\n<li><strong><em>T\u00e9l\u00e9phone<\/em><\/strong> : +34 926 32 24 00<\/li>\n<li><strong><em>E-mail<\/em><\/strong> : <a href=\"mailto:fsa@felixsolisavantis.com\"><em>fsa@felixsolisavantis.com<\/em><\/a><\/li>\n<li><strong><em>Contact DPD \/ Responsable Confidentialit\u00e9<\/em><\/strong> : <strong><a href=\"mailto:protecciondatos@felixsolisavantis.com\">protecciondatos@felixsolisavantis.com<\/a><\/strong><\/li>\n<\/ul>\n<p><strong>Finalit\u00e9 du traitement des donn\u00e9es personnelles<\/strong><\/p>\n<ul>\n<li><strong><em>Donn\u00e9es du personnel<\/em><\/strong> : maintien, d\u00e9veloppement, ex\u00e9cution et contr\u00f4le de la relation contractuelle avec nos employ\u00e9s, ainsi que respect de la r\u00e9glementation en vigueur en mati\u00e8re de droit du travail, de S\u00e9curit\u00e9 sociale et de pr\u00e9vention des risques professionnels.<\/li>\n<li><strong><em>Donn\u00e9es des candidats<\/em><\/strong> : gestion de la participation aux processus de s\u00e9lection de personnel actuels <strong>et futurs<\/strong>.<\/li>\n<li><strong><em>Donn\u00e9es des clients et fournisseurs<\/em><\/strong> : maintien, d\u00e9veloppement, ex\u00e9cution et contr\u00f4le ad\u00e9quats de la relation commerciale, <strong>ainsi que la gestion administrative, comptable et fiscale qui en d\u00e9coule.<\/strong><\/li>\n<li><strong><em>Donn\u00e9es de contact web<\/em><\/strong> : gestion des demandes, plaintes, suggestions et requ\u00eates formul\u00e9es par les utilisateurs via le site web.<\/li>\n<li><strong><em>Donn\u00e9es d&#8217;abonnement \u00e0 la Newsletter<\/em><\/strong> : gestion des utilisateurs de la Newsletter <strong>et envoi de communications commerciales sur les produits et \u00e9v\u00e9nements.<\/strong><\/li>\n<li><strong><em>Donn\u00e9es de visites\/registres<\/em><\/strong> : gestion du contr\u00f4le d&#8217;acc\u00e8s et de la s\u00e9curit\u00e9 des installations (visites, transporteurs, livreurs, etc.).<\/li>\n<\/ul>\n<p><strong>L\u00e9gitimation du traitement des donn\u00e9es personnelles<\/strong><\/p>\n<ul>\n<li><strong><em>Donn\u00e9es du personnel<\/em><\/strong> : ex\u00e9cution du contrat de travail entre l&#8217;entreprise et ses salari\u00e9s.<\/li>\n<li><strong><em>Donn\u00e9es des candidats<\/em><\/strong> : consentement de l&#8217;int\u00e9ress\u00e9 <strong>ou application de mesures pr\u00e9contractuelles.<\/strong><\/li>\n<li><strong><em>Donn\u00e9es des clients\/fournisseurs<\/em><\/strong> : ex\u00e9cution du contrat ou de la relation commerciale.<\/li>\n<li><strong><em>Donn\u00e9es de contact et Newsletter<\/em><\/strong> : consentement expr\u00e8s de l&#8217;int\u00e9ress\u00e9.<\/li>\n<li><strong><em>Donn\u00e9es de visites\/registres<\/em><\/strong> : <strong>int\u00e9r\u00eat l\u00e9gitime du responsable pour garantir la s\u00e9curit\u00e9 des biens et des personnes.<\/strong><\/li>\n<\/ul>\n<p><strong>Destinataires des donn\u00e9es personnelles<\/strong><br \/>\nLes donn\u00e9es pourront \u00eatre communiqu\u00e9es \u00e0 :<\/p>\n<ul>\n<li>D&#8217;autres soci\u00e9t\u00e9s du Groupe F\u00e9lix Sol\u00eds Avantis \u00e0 des fins de gestion interne <strong>sur la base de l&#8217;int\u00e9r\u00eat l\u00e9gitime (Consid\u00e9rant 48 du RGPD).<\/strong><\/li>\n<li><strong>Organismes publics, Agence fiscale, S\u00e9curit\u00e9 sociale et Cours ou Tribunaux en ex\u00e9cution d&#8217;obligations l\u00e9gales.<\/strong><\/li>\n<li>Des tiers pour la prestation de services li\u00e9s \u00e0 la relation contractuelle (sous-traitants) avec lesquels le contrat d&#8217;acc\u00e8s aux donn\u00e9es correspondant a \u00e9t\u00e9 sign\u00e9.<\/li>\n<\/ul>\n<p><strong>Dur\u00e9e de conservation des donn\u00e9es<\/strong><\/p>\n<ul>\n<li><strong><em>Personnel \/ Clients \/ Fournisseurs<\/em><\/strong> : pendant la dur\u00e9e de la relation contractuelle et, une fois celle-ci termin\u00e9e, pendant les d\u00e9lais de prescription l\u00e9gaux (fiscaux, sociaux, etc.).<\/li>\n<li><strong><em>Donn\u00e9es des candidats<\/em><\/strong> : <strong>conserv\u00e9es pendant une p\u00e9riode maximale de 2 ans apr\u00e8s la derni\u00e8re mise \u00e0 jour, \u00e0 moins que l&#8217;int\u00e9ress\u00e9 ne retire son consentement avant.<\/strong><\/li>\n<li><strong><em>Donn\u00e9es de contact<\/em><\/strong> : conserv\u00e9es uniquement pendant la gestion de la demande ; une fois trait\u00e9es, elles seront supprim\u00e9es.<\/li>\n<li><strong><em>Donn\u00e9es d&#8217;abonnement \u00e0 la Newsletter<\/em><\/strong> : conserv\u00e9es jusqu&#8217;\u00e0 ce que l&#8217;int\u00e9ress\u00e9 demande sa d\u00e9sinscription ou retire son consentement.<\/li>\n<li><strong><em>Donn\u00e9es de visites\/registres<\/em><\/strong> : <strong>maximum 30 jours pour les enregistrements de vid\u00e9osurveillance (le cas \u00e9ch\u00e9ant) ou le temps strictement n\u00e9cessaire au contr\u00f4le des acc\u00e8s.<\/strong><\/li>\n<\/ul>\n<p><strong>Droits de l&#8217;int\u00e9ress\u00e9<\/strong><br \/>\nL&#8217;int\u00e9ress\u00e9 peut exercer \u00e0 tout moment les droits suivants :<\/p>\n<ul>\n<li><em>Droit de demander l&#8217;acc\u00e8s, la rectification, la suppression et la portabilit\u00e9 de ses donn\u00e9es personnelles.<\/em><\/li>\n<li><em>Droit de demander la limitation du traitement ou de s&#8217;y opposer.<\/em><\/li>\n<li><strong><em>Droit de ne pas faire l&#8217;objet d&#8217;une d\u00e9cision individuelle automatis\u00e9e.<\/em><\/strong><\/li>\n<li><strong><em>Droit de retirer son consentement \u00e0 tout moment, sans que cela n&#8217;affecte la lic\u00e9it\u00e9 du traitement fond\u00e9 sur le consentement effectu\u00e9 avant le retrait de celui-ci.<\/em><\/strong><\/li>\n<\/ul>\n<p>Ces droits peuvent \u00eatre exerc\u00e9s en \u00e9crivant \u00e0 <a href=\"mailto:protecciondatos@felixsolisavantis.com\">protecciondatos@felixsolisavantis.com<\/a>. <strong>De m\u00eame, si vous consid\u00e9rez que le traitement n&#8217;est pas conforme \u00e0 la r\u00e9glementation, vous avez le droit de d\u00e9poser une r\u00e9clamation aupr\u00e8s de l&#8217;Agence Espagnole de Protection des Donn\u00e9es (www.aepd.es).<\/strong><\/p>\n<p><strong>Mesures de s\u00e9curit\u00e9<\/strong><\/p>\n<p>F\u00e9lix Sol\u00eds Avantis, S.A. a adopt\u00e9 les mesures techniques et organisationnelles <strong>exig\u00e9es par le RGPD et la LOPDGDD pour \u00e9viter la perte, l&#8217;utilisation abusive ou l&#8217;acc\u00e8s non autoris\u00e9, en garantissant la tra\u00e7abilit\u00e9 et le devoir de secret professionnel de tout le personnel traitant les donn\u00e9es.<\/strong><\/p>\n<p><strong>Modifications de la politique<\/strong><\/p>\n<p>F\u00e9lix Sol\u00eds Avantis, S.A. se r\u00e9serve le droit de modifier sa politique pour l&#8217;adapter aux nouveaut\u00e9s l\u00e9gislatives. <strong>Tout changement substantiel sera communiqu\u00e9 via le site web ou par e-mail aux int\u00e9ress\u00e9s.<\/strong><\/p>\n","protected":false},"excerpt":{"rendered":"<p>TRAITEMENT ET PROTECTION DES DONN\u00c9ES \u00c0 CARACT\u00c8RE PERSONNEL F\u00e9lix Sol\u00eds Avantis, S.A. est le responsable du traitement des donn\u00e9es personnelles de l&#8217;int\u00e9ress\u00e9 et l&#8217;informe que ces donn\u00e9es seront trait\u00e9es conform\u00e9ment aux dispositions du R\u00e8glement (UE) 2016\/679 (RGPD) et de la Loi Organique 3\/2018, du 5 d\u00e9cembre, relative \u00e0 la protection des donn\u00e9es personnelles et \u00e0 la garantie des droits num\u00e9riques (LOPDGDD). Informations sur la protection des donn\u00e9es personnelles R\u00e9ception des donn\u00e9es personnelles Responsable du traitement de vos donn\u00e9es personnelles D\u00e9l\u00e9gu\u00e9 \u00e0 la Protection des Donn\u00e9es (DPD) Finalit\u00e9 du traitement des donn\u00e9es personnelles L\u00e9gitimation du traitement des donn\u00e9es personnelles Destinataires des donn\u00e9es personnelles Dur\u00e9e de conservation des donn\u00e9es Droits de l&#8217;int\u00e9ress\u00e9 [&hellip;]<\/p>\n","protected":false},"author":4,"featured_media":19395,"parent":0,"menu_order":0,"comment_status":"open","ping_status":"open","template":"page-general.php","meta":{"footnotes":""},"acf":[],"yoast_head":"<!-- This site is optimized with the Yoast SEO plugin v21.6 - https:\/\/yoast.com\/wordpress\/plugins\/seo\/ -->\n<title>Politique de Confidentialit\u00e9 | F\u00e9lix Sol\u00eds Avantis<\/title>\n<meta name=\"robots\" content=\"index, follow, max-snippet:-1, max-image-preview:large, max-video-preview:-1\" \/>\n<link rel=\"canonical\" href=\"https:\/\/felixsolisavantis.com\/fr\/politique-de-confidentialite\/\" \/>\n<meta property=\"og:locale\" content=\"fr_FR\" \/>\n<meta property=\"og:type\" content=\"article\" \/>\n<meta property=\"og:title\" content=\"Politique de Confidentialit\u00e9 | F\u00e9lix Sol\u00eds Avantis\" \/>\n<meta property=\"og:description\" content=\"TRAITEMENT ET PROTECTION DES DONN\u00c9ES \u00c0 CARACT\u00c8RE PERSONNEL F\u00e9lix Sol\u00eds Avantis, S.A. est le responsable du traitement des donn\u00e9es personnelles de l&#8217;int\u00e9ress\u00e9 et l&#8217;informe que ces donn\u00e9es seront trait\u00e9es conform\u00e9ment aux dispositions du R\u00e8glement (UE) 2016\/679 (RGPD) et de la Loi Organique 3\/2018, du 5 d\u00e9cembre, relative \u00e0 la protection des donn\u00e9es personnelles et \u00e0 la garantie des droits num\u00e9riques (LOPDGDD). Informations sur la protection des donn\u00e9es personnelles R\u00e9ception des donn\u00e9es personnelles Responsable du traitement de vos donn\u00e9es personnelles D\u00e9l\u00e9gu\u00e9 \u00e0 la Protection des Donn\u00e9es (DPD) Finalit\u00e9 du traitement des donn\u00e9es personnelles L\u00e9gitimation du traitement des donn\u00e9es personnelles Destinataires des donn\u00e9es personnelles Dur\u00e9e de conservation des donn\u00e9es Droits de l&#8217;int\u00e9ress\u00e9 [&hellip;]\" \/>\n<meta property=\"og:url\" content=\"https:\/\/felixsolisavantis.com\/fr\/politique-de-confidentialite\/\" \/>\n<meta property=\"og:site_name\" content=\"F\u00e9lix Sol\u00eds Avantis\" \/>\n<meta property=\"article:publisher\" content=\"https:\/\/www.facebook.com\/felixsolis.avantis\" \/>\n<meta property=\"article:modified_time\" content=\"2026-04-09T11:25:42+00:00\" \/>\n<meta property=\"og:image\" content=\"https:\/\/felixsolisavantis.com\/app\/uploads\/2014\/09\/home_03.jpg\" \/>\n\t<meta property=\"og:image:width\" content=\"1920\" \/>\n\t<meta property=\"og:image:height\" content=\"1080\" \/>\n\t<meta property=\"og:image:type\" content=\"image\/jpeg\" \/>\n<meta name=\"twitter:card\" content=\"summary_large_image\" \/>\n<meta name=\"twitter:site\" content=\"@felixsolisgrupo\" \/>\n<meta name=\"twitter:label1\" content=\"Dur\u00e9e de lecture estim\u00e9e\" \/>\n\t<meta name=\"twitter:data1\" content=\"4 minutes\" \/>\n<script type=\"application\/ld+json\" class=\"yoast-schema-graph\">{\"@context\":\"https:\/\/schema.org\",\"@graph\":[{\"@type\":\"WebPage\",\"@id\":\"https:\/\/felixsolisavantis.com\/fr\/politique-de-confidentialite\/\",\"url\":\"https:\/\/felixsolisavantis.com\/fr\/politique-de-confidentialite\/\",\"name\":\"Politique de Confidentialit\u00e9 | F\u00e9lix Sol\u00eds Avantis\",\"isPartOf\":{\"@id\":\"https:\/\/felixsolisavantis.com\/#website\"},\"datePublished\":\"2016-03-05T17:02:28+00:00\",\"dateModified\":\"2026-04-09T11:25:42+00:00\",\"inLanguage\":\"fr-FR\",\"potentialAction\":[{\"@type\":\"ReadAction\",\"target\":[\"https:\/\/felixsolisavantis.com\/fr\/politique-de-confidentialite\/\"]}]},{\"@type\":\"WebSite\",\"@id\":\"https:\/\/felixsolisavantis.com\/#website\",\"url\":\"https:\/\/felixsolisavantis.com\/\",\"name\":\"F\u00e9lix Sol\u00eds Avantis\",\"description\":\"\",\"publisher\":{\"@id\":\"https:\/\/felixsolisavantis.com\/#organization\"},\"potentialAction\":[{\"@type\":\"SearchAction\",\"target\":{\"@type\":\"EntryPoint\",\"urlTemplate\":\"https:\/\/felixsolisavantis.com\/?s={search_term_string}\"},\"query-input\":\"required name=search_term_string\"}],\"inLanguage\":\"fr-FR\"},{\"@type\":\"Organization\",\"@id\":\"https:\/\/felixsolisavantis.com\/#organization\",\"name\":\"F\u00e9lix Sol\u00eds Avantis\",\"url\":\"https:\/\/felixsolisavantis.com\/\",\"logo\":{\"@type\":\"ImageObject\",\"inLanguage\":\"fr-FR\",\"@id\":\"https:\/\/felixsolisavantis.com\/#\/schema\/logo\/image\/\",\"url\":\"https:\/\/felixsolisavantis.com\/app\/uploads\/2022\/03\/felix_solis_avantis_logo_neg_rgb_black.png\",\"contentUrl\":\"https:\/\/felixsolisavantis.com\/app\/uploads\/2022\/03\/felix_solis_avantis_logo_neg_rgb_black.png\",\"width\":1820,\"height\":705,\"caption\":\"F\u00e9lix Sol\u00eds Avantis\"},\"image\":{\"@id\":\"https:\/\/felixsolisavantis.com\/#\/schema\/logo\/image\/\"},\"sameAs\":[\"https:\/\/www.facebook.com\/felixsolis.avantis\",\"https:\/\/twitter.com\/felixsolisgrupo\",\"https:\/\/www.instagram.com\/felixsolisavantis\/\"]}]}<\/script>\n<!-- \/ Yoast SEO plugin. -->","yoast_head_json":{"title":"Politique de Confidentialit\u00e9 | F\u00e9lix Sol\u00eds Avantis","robots":{"index":"index","follow":"follow","max-snippet":"max-snippet:-1","max-image-preview":"max-image-preview:large","max-video-preview":"max-video-preview:-1"},"canonical":"https:\/\/felixsolisavantis.com\/fr\/politique-de-confidentialite\/","og_locale":"fr_FR","og_type":"article","og_title":"Politique de Confidentialit\u00e9 | F\u00e9lix Sol\u00eds Avantis","og_description":"TRAITEMENT ET PROTECTION DES DONN\u00c9ES \u00c0 CARACT\u00c8RE PERSONNEL F\u00e9lix Sol\u00eds Avantis, S.A. est le responsable du traitement des donn\u00e9es personnelles de l&#8217;int\u00e9ress\u00e9 et l&#8217;informe que ces donn\u00e9es seront trait\u00e9es conform\u00e9ment aux dispositions du R\u00e8glement (UE) 2016\/679 (RGPD) et de la Loi Organique 3\/2018, du 5 d\u00e9cembre, relative \u00e0 la protection des donn\u00e9es personnelles et \u00e0 la garantie des droits num\u00e9riques (LOPDGDD). Informations sur la protection des donn\u00e9es personnelles R\u00e9ception des donn\u00e9es personnelles Responsable du traitement de vos donn\u00e9es personnelles D\u00e9l\u00e9gu\u00e9 \u00e0 la Protection des Donn\u00e9es (DPD) Finalit\u00e9 du traitement des donn\u00e9es personnelles L\u00e9gitimation du traitement des donn\u00e9es personnelles Destinataires des donn\u00e9es personnelles Dur\u00e9e de conservation des donn\u00e9es Droits de l&#8217;int\u00e9ress\u00e9 [&hellip;]","og_url":"https:\/\/felixsolisavantis.com\/fr\/politique-de-confidentialite\/","og_site_name":"F\u00e9lix Sol\u00eds Avantis","article_publisher":"https:\/\/www.facebook.com\/felixsolis.avantis","article_modified_time":"2026-04-09T11:25:42+00:00","og_image":[{"width":1920,"height":1080,"url":"https:\/\/felixsolisavantis.com\/app\/uploads\/2014\/09\/home_03.jpg","type":"image\/jpeg"}],"twitter_card":"summary_large_image","twitter_site":"@felixsolisgrupo","twitter_misc":{"Dur\u00e9e de lecture estim\u00e9e":"4 minutes"},"schema":{"@context":"https:\/\/schema.org","@graph":[{"@type":"WebPage","@id":"https:\/\/felixsolisavantis.com\/fr\/politique-de-confidentialite\/","url":"https:\/\/felixsolisavantis.com\/fr\/politique-de-confidentialite\/","name":"Politique de Confidentialit\u00e9 | F\u00e9lix Sol\u00eds Avantis","isPartOf":{"@id":"https:\/\/felixsolisavantis.com\/#website"},"datePublished":"2016-03-05T17:02:28+00:00","dateModified":"2026-04-09T11:25:42+00:00","inLanguage":"fr-FR","potentialAction":[{"@type":"ReadAction","target":["https:\/\/felixsolisavantis.com\/fr\/politique-de-confidentialite\/"]}]},{"@type":"WebSite","@id":"https:\/\/felixsolisavantis.com\/#website","url":"https:\/\/felixsolisavantis.com\/","name":"F\u00e9lix Sol\u00eds Avantis","description":"","publisher":{"@id":"https:\/\/felixsolisavantis.com\/#organization"},"potentialAction":[{"@type":"SearchAction","target":{"@type":"EntryPoint","urlTemplate":"https:\/\/felixsolisavantis.com\/?s={search_term_string}"},"query-input":"required name=search_term_string"}],"inLanguage":"fr-FR"},{"@type":"Organization","@id":"https:\/\/felixsolisavantis.com\/#organization","name":"F\u00e9lix Sol\u00eds Avantis","url":"https:\/\/felixsolisavantis.com\/","logo":{"@type":"ImageObject","inLanguage":"fr-FR","@id":"https:\/\/felixsolisavantis.com\/#\/schema\/logo\/image\/","url":"https:\/\/felixsolisavantis.com\/app\/uploads\/2022\/03\/felix_solis_avantis_logo_neg_rgb_black.png","contentUrl":"https:\/\/felixsolisavantis.com\/app\/uploads\/2022\/03\/felix_solis_avantis_logo_neg_rgb_black.png","width":1820,"height":705,"caption":"F\u00e9lix Sol\u00eds Avantis"},"image":{"@id":"https:\/\/felixsolisavantis.com\/#\/schema\/logo\/image\/"},"sameAs":["https:\/\/www.facebook.com\/felixsolis.avantis","https:\/\/twitter.com\/felixsolisgrupo","https:\/\/www.instagram.com\/felixsolisavantis\/"]}]}},"_links":{"self":[{"href":"https:\/\/felixsolisavantis.com\/fr\/wp-json\/wp\/v2\/pages\/8317"}],"collection":[{"href":"https:\/\/felixsolisavantis.com\/fr\/wp-json\/wp\/v2\/pages"}],"about":[{"href":"https:\/\/felixsolisavantis.com\/fr\/wp-json\/wp\/v2\/types\/page"}],"author":[{"embeddable":true,"href":"https:\/\/felixsolisavantis.com\/fr\/wp-json\/wp\/v2\/users\/4"}],"replies":[{"embeddable":true,"href":"https:\/\/felixsolisavantis.com\/fr\/wp-json\/wp\/v2\/comments?post=8317"}],"version-history":[{"count":7,"href":"https:\/\/felixsolisavantis.com\/fr\/wp-json\/wp\/v2\/pages\/8317\/revisions"}],"predecessor-version":[{"id":31928,"href":"https:\/\/felixsolisavantis.com\/fr\/wp-json\/wp\/v2\/pages\/8317\/revisions\/31928"}],"wp:featuredmedia":[{"embeddable":true,"href":"https:\/\/felixsolisavantis.com\/fr\/wp-json\/wp\/v2\/media\/19395"}],"wp:attachment":[{"href":"https:\/\/felixsolisavantis.com\/fr\/wp-json\/wp\/v2\/media?parent=8317"}],"curies":[{"name":"wp","href":"https:\/\/api.w.org\/{rel}","templated":true}]}}