{"id":27463,"date":"2023-03-13T09:15:10","date_gmt":"2023-03-13T09:15:10","guid":{"rendered":"https:\/\/felixsolisavantis.com\/?page_id=27463"},"modified":"2026-03-19T16:41:30","modified_gmt":"2026-03-19T15:41:30","slug":"quality-and-sustainability-policy","status":"publish","type":"page","link":"https:\/\/felixsolisavantis.com\/en\/quality-and-sustainability-policy\/","title":{"rendered":"Quality and Sustainability Policy"},"content":{"rendered":"\t\t<div data-elementor-type=\"wp-page\" data-elementor-id=\"27463\" class=\"elementor elementor-27463 elementor-27457\">\n\t\t\t\t\t\t\t\t\t<section class=\"elementor-section elementor-top-section elementor-element elementor-element-35e6585 elementor-section-boxed elementor-section-height-default elementor-section-height-default\" data-id=\"35e6585\" data-element_type=\"section\">\n\t\t\t\t\t\t<div class=\"elementor-container elementor-column-gap-default\">\n\t\t\t\t\t<div class=\"elementor-column elementor-col-100 elementor-top-column elementor-element elementor-element-0015dd1\" data-id=\"0015dd1\" data-element_type=\"column\">\n\t\t\t<div class=\"elementor-widget-wrap elementor-element-populated\">\n\t\t\t\t\t\t\t\t<div class=\"elementor-element elementor-element-7c25761 elementor-widget elementor-widget-text-editor\" data-id=\"7c25761\" data-element_type=\"widget\" data-widget_type=\"text-editor.default\">\n\t\t\t\t<div class=\"elementor-widget-container\">\n\t\t\t\t\t\t\t<p>At F\u00e9lix Sol\u00eds Avantis we aim to incorporate the values and principles of sustainable development in our business processes and relationships with all of our stakeholders. We believe that sustainability acts as a key element in the competitiveness of companies.<\/p><p>You can check below:<\/p>\t\t\t\t\t\t<\/div>\n\t\t\t\t<\/div>\n\t\t\t\t\t<\/div>\n\t\t<\/div>\n\t\t\t\t\t\t\t<\/div>\n\t\t<\/section>\n\t\t\t\t<section class=\"elementor-section elementor-top-section elementor-element elementor-element-1c75058 elementor-section-boxed elementor-section-height-default elementor-section-height-default\" data-id=\"1c75058\" data-element_type=\"section\">\n\t\t\t\t\t\t<div class=\"elementor-container elementor-column-gap-default\">\n\t\t\t\t\t<div class=\"elementor-column elementor-col-100 elementor-top-column elementor-element elementor-element-8d75142\" data-id=\"8d75142\" data-element_type=\"column\">\n\t\t\t<div class=\"elementor-widget-wrap elementor-element-populated\">\n\t\t\t\t\t\t\t\t<div class=\"elementor-element elementor-element-28fbcbe elementor-align-left elementor-widget elementor-widget-button\" data-id=\"28fbcbe\" data-element_type=\"widget\" data-widget_type=\"button.default\">\n\t\t\t\t<div class=\"elementor-widget-container\">\n\t\t\t\t\t<div class=\"elementor-button-wrapper\">\n\t\t\t<a class=\"elementor-button elementor-button-link elementor-size-md\" href=\"https:\/\/felixsolisavantis.com\/app\/uploads\/2022\/09\/Ethical-Policy-1.pdf\">\n\t\t\t\t\t\t<span class=\"elementor-button-content-wrapper\">\n\t\t\t\t\t\t<span class=\"elementor-button-text\">Ethical Policy<\/span>\n\t\t<\/span>\n\t\t\t\t\t<\/a>\n\t\t<\/div>\n\t\t\t\t<\/div>\n\t\t\t\t<\/div>\n\t\t\t\t<div class=\"elementor-element elementor-element-9e6cec4 elementor-widget elementor-widget-spacer\" data-id=\"9e6cec4\" data-element_type=\"widget\" data-widget_type=\"spacer.default\">\n\t\t\t\t<div class=\"elementor-widget-container\">\n\t\t\t\t\t<div class=\"elementor-spacer\">\n\t\t\t<div class=\"elementor-spacer-inner\"><\/div>\n\t\t<\/div>\n\t\t\t\t<\/div>\n\t\t\t\t<\/div>\n\t\t\t\t<div class=\"elementor-element elementor-element-ec01d12 elementor-align-left elementor-widget elementor-widget-button\" data-id=\"ec01d12\" data-element_type=\"widget\" data-widget_type=\"button.default\">\n\t\t\t\t<div class=\"elementor-widget-container\">\n\t\t\t\t\t<div class=\"elementor-button-wrapper\">\n\t\t\t<a class=\"elementor-button elementor-button-link elementor-size-md\" href=\"https:\/\/felixsolisavantis.com\/app\/uploads\/2022\/09\/Ethical-commitment-1.pdf\">\n\t\t\t\t\t\t<span class=\"elementor-button-content-wrapper\">\n\t\t\t\t\t\t<span class=\"elementor-button-text\">Ethical Commitment<\/span>\n\t\t<\/span>\n\t\t\t\t\t<\/a>\n\t\t<\/div>\n\t\t\t\t<\/div>\n\t\t\t\t<\/div>\n\t\t\t\t<div class=\"elementor-element elementor-element-bca4db3 elementor-widget elementor-widget-spacer\" data-id=\"bca4db3\" data-element_type=\"widget\" data-widget_type=\"spacer.default\">\n\t\t\t\t<div class=\"elementor-widget-container\">\n\t\t\t\t\t<div class=\"elementor-spacer\">\n\t\t\t<div class=\"elementor-spacer-inner\"><\/div>\n\t\t<\/div>\n\t\t\t\t<\/div>\n\t\t\t\t<\/div>\n\t\t\t\t<div class=\"elementor-element elementor-element-80e0bd1 elementor-align-left elementor-widget elementor-widget-button\" data-id=\"80e0bd1\" data-element_type=\"widget\" data-widget_type=\"button.default\">\n\t\t\t\t<div class=\"elementor-widget-container\">\n\t\t\t\t\t<div class=\"elementor-button-wrapper\">\n\t\t\t<a class=\"elementor-button elementor-button-link elementor-size-md\" href=\"https:\/\/felixsolisavantis.com\/en\/quality-food-safety-environment-and-security-policy\/\">\n\t\t\t\t\t\t<span class=\"elementor-button-content-wrapper\">\n\t\t\t\t\t\t<span class=\"elementor-button-text\">Quality, Food Safety, Environment and Security Policy<\/span>\n\t\t<\/span>\n\t\t\t\t\t<\/a>\n\t\t<\/div>\n\t\t\t\t<\/div>\n\t\t\t\t<\/div>\n\t\t\t\t<div class=\"elementor-element elementor-element-0d2903f elementor-widget elementor-widget-spacer\" data-id=\"0d2903f\" data-element_type=\"widget\" data-widget_type=\"spacer.default\">\n\t\t\t\t<div class=\"elementor-widget-container\">\n\t\t\t\t\t<div class=\"elementor-spacer\">\n\t\t\t<div class=\"elementor-spacer-inner\"><\/div>\n\t\t<\/div>\n\t\t\t\t<\/div>\n\t\t\t\t<\/div>\n\t\t\t\t<div class=\"elementor-element elementor-element-7eb48ce elementor-align-left elementor-widget elementor-widget-button\" data-id=\"7eb48ce\" data-element_type=\"widget\" data-widget_type=\"button.default\">\n\t\t\t\t<div class=\"elementor-widget-container\">\n\t\t\t\t\t<div class=\"elementor-button-wrapper\">\n\t\t\t<a class=\"elementor-button elementor-button-link elementor-size-md\" href=\"https:\/\/felixsolisavantis.com\/app\/uploads\/2024\/08\/FSA-Sustainability-Report-2023-_lw.pdf\">\n\t\t\t\t\t\t<span class=\"elementor-button-content-wrapper\">\n\t\t\t\t\t\t<span class=\"elementor-button-text\">Sustainability Report  2023<\/span>\n\t\t<\/span>\n\t\t\t\t\t<\/a>\n\t\t<\/div>\n\t\t\t\t<\/div>\n\t\t\t\t<\/div>\n\t\t\t\t<div class=\"elementor-element elementor-element-ce018d3 elementor-widget elementor-widget-spacer\" data-id=\"ce018d3\" data-element_type=\"widget\" data-widget_type=\"spacer.default\">\n\t\t\t\t<div class=\"elementor-widget-container\">\n\t\t\t\t\t<div class=\"elementor-spacer\">\n\t\t\t<div class=\"elementor-spacer-inner\"><\/div>\n\t\t<\/div>\n\t\t\t\t<\/div>\n\t\t\t\t<\/div>\n\t\t\t\t<div class=\"elementor-element elementor-element-0a9ead6 elementor-align-left elementor-widget elementor-widget-button\" data-id=\"0a9ead6\" data-element_type=\"widget\" data-widget_type=\"button.default\">\n\t\t\t\t<div class=\"elementor-widget-container\">\n\t\t\t\t\t<div class=\"elementor-button-wrapper\">\n\t\t\t<a class=\"elementor-button elementor-button-link elementor-size-md\" href=\"https:\/\/felixsolisavantis.com\/app\/uploads\/2025\/07\/SUSTAINABILITY_REPORT_2024_FELIX_SOLIS_comp.pdf\">\n\t\t\t\t\t\t<span class=\"elementor-button-content-wrapper\">\n\t\t\t\t\t\t<span class=\"elementor-button-text\">Sustainability Report  2024<\/span>\n\t\t<\/span>\n\t\t\t\t\t<\/a>\n\t\t<\/div>\n\t\t\t\t<\/div>\n\t\t\t\t<\/div>\n\t\t\t\t\t<\/div>\n\t\t<\/div>\n\t\t\t\t\t\t\t<\/div>\n\t\t<\/section>\n\t\t\t\t<section class=\"elementor-section elementor-top-section elementor-element elementor-element-52936df elementor-section-boxed elementor-section-height-default elementor-section-height-default\" data-id=\"52936df\" data-element_type=\"section\">\n\t\t\t\t\t\t<div class=\"elementor-container elementor-column-gap-default\">\n\t\t\t\t\t<div class=\"elementor-column elementor-col-100 elementor-top-column elementor-element elementor-element-8d5c4bb\" data-id=\"8d5c4bb\" data-element_type=\"column\">\n\t\t\t<div class=\"elementor-widget-wrap\">\n\t\t\t\t\t\t\t\t\t<\/div>\n\t\t<\/div>\n\t\t\t\t\t\t\t<\/div>\n\t\t<\/section>\n\t\t\t\t<section class=\"elementor-section elementor-top-section elementor-element elementor-element-99571be elementor-section-boxed elementor-section-height-default elementor-section-height-default\" data-id=\"99571be\" data-element_type=\"section\">\n\t\t\t\t\t\t<div class=\"elementor-container elementor-column-gap-default\">\n\t\t\t\t\t<div class=\"elementor-column elementor-col-100 elementor-top-column elementor-element elementor-element-8f26cee\" data-id=\"8f26cee\" data-element_type=\"column\">\n\t\t\t<div class=\"elementor-widget-wrap elementor-element-populated\">\n\t\t\t\t\t\t\t\t<div class=\"elementor-element elementor-element-6d4bb23 elementor-widget elementor-widget-image\" data-id=\"6d4bb23\" data-element_type=\"widget\" data-widget_type=\"image.default\">\n\t\t\t\t<div class=\"elementor-widget-container\">\n\t\t\t\t\t\t\t\t\t\t\t\t\t\t\t<img fetchpriority=\"high\" decoding=\"async\" width=\"837\" height=\"558\" src=\"https:\/\/felixsolisavantis.com\/app\/uploads\/2022\/09\/203_VALDEPENAS-1024x683.jpg\" class=\"attachment-large size-large wp-image-26518\" alt=\"\" srcset=\"https:\/\/felixsolisavantis.com\/app\/uploads\/2022\/09\/203_VALDEPENAS-1024x683.jpg 1024w, https:\/\/felixsolisavantis.com\/app\/uploads\/2022\/09\/203_VALDEPENAS-300x200.jpg 300w, https:\/\/felixsolisavantis.com\/app\/uploads\/2022\/09\/203_VALDEPENAS-1536x1024.jpg 1536w, https:\/\/felixsolisavantis.com\/app\/uploads\/2022\/09\/203_VALDEPENAS.jpg 1999w\" sizes=\"(max-width: 837px) 100vw, 837px\" \/>\t\t\t\t\t\t\t\t\t\t\t\t\t\t\t<\/div>\n\t\t\t\t<\/div>\n\t\t\t\t\t<\/div>\n\t\t<\/div>\n\t\t\t\t\t\t\t<\/div>\n\t\t<\/section>\n\t\t\t\t\t\t\t<\/div>\n\t\t","protected":false},"excerpt":{"rendered":"<p>At F\u00e9lix Sol\u00eds Avantis we aim to incorporate the values and principles of sustainable development in our business processes and relationships with all of our stakeholders. We believe that sustainability acts as a key element in the competitiveness of companies. You can check below: Ethical Policy Ethical Commitment Quality, Food Safety, Environment and Security Policy Sustainability Report 2023 Sustainability Report 2024<\/p>\n","protected":false},"author":11,"featured_media":0,"parent":0,"menu_order":0,"comment_status":"closed","ping_status":"closed","template":"","meta":{"footnotes":""},"acf":[],"yoast_head":"<!-- This site is optimized with the Yoast SEO plugin v21.6 - https:\/\/yoast.com\/wordpress\/plugins\/seo\/ -->\n<title>Quality and Sustainability Policy | F\u00e9lix Sol\u00eds Avantis<\/title>\n<meta name=\"robots\" content=\"index, follow, max-snippet:-1, max-image-preview:large, max-video-preview:-1\" \/>\n<link rel=\"canonical\" href=\"https:\/\/felixsolisavantis.com\/en\/quality-and-sustainability-policy\/\" \/>\n<meta property=\"og:locale\" content=\"en_US\" \/>\n<meta property=\"og:type\" content=\"article\" \/>\n<meta property=\"og:title\" content=\"Quality and Sustainability Policy | F\u00e9lix Sol\u00eds Avantis\" \/>\n<meta property=\"og:description\" content=\"At F\u00e9lix Sol\u00eds Avantis we aim to incorporate the values and principles of sustainable development in our business processes and relationships with all of our stakeholders. We believe that sustainability acts as a key element in the competitiveness of companies. You can check below: Ethical Policy Ethical Commitment Quality, Food Safety, Environment and Security Policy Sustainability Report 2023 Sustainability Report 2024\" \/>\n<meta property=\"og:url\" content=\"https:\/\/felixsolisavantis.com\/en\/quality-and-sustainability-policy\/\" \/>\n<meta property=\"og:site_name\" content=\"F\u00e9lix Sol\u00eds Avantis\" \/>\n<meta property=\"article:publisher\" content=\"https:\/\/www.facebook.com\/felixsolis.avantis\" \/>\n<meta property=\"article:modified_time\" content=\"2026-03-19T15:41:30+00:00\" \/>\n<meta property=\"og:image\" content=\"https:\/\/felixsolisavantis.com\/app\/uploads\/2022\/09\/203_VALDEPENAS-1024x683.jpg\" \/>\n<meta name=\"twitter:card\" content=\"summary_large_image\" \/>\n<meta name=\"twitter:site\" content=\"@felixsolisgrupo\" \/>\n<meta name=\"twitter:label1\" content=\"Est. reading time\" \/>\n\t<meta name=\"twitter:data1\" content=\"1 minute\" \/>\n<script type=\"application\/ld+json\" class=\"yoast-schema-graph\">{\"@context\":\"https:\/\/schema.org\",\"@graph\":[{\"@type\":\"WebPage\",\"@id\":\"https:\/\/felixsolisavantis.com\/en\/quality-and-sustainability-policy\/\",\"url\":\"https:\/\/felixsolisavantis.com\/en\/quality-and-sustainability-policy\/\",\"name\":\"Quality and Sustainability Policy | F\u00e9lix Sol\u00eds Avantis\",\"isPartOf\":{\"@id\":\"https:\/\/felixsolisavantis.com\/#website\"},\"datePublished\":\"2023-03-13T09:15:10+00:00\",\"dateModified\":\"2026-03-19T15:41:30+00:00\",\"inLanguage\":\"en-US\",\"potentialAction\":[{\"@type\":\"ReadAction\",\"target\":[\"https:\/\/felixsolisavantis.com\/en\/quality-and-sustainability-policy\/\"]}]},{\"@type\":\"WebSite\",\"@id\":\"https:\/\/felixsolisavantis.com\/#website\",\"url\":\"https:\/\/felixsolisavantis.com\/\",\"name\":\"F\u00e9lix Sol\u00eds Avantis\",\"description\":\"\",\"publisher\":{\"@id\":\"https:\/\/felixsolisavantis.com\/#organization\"},\"potentialAction\":[{\"@type\":\"SearchAction\",\"target\":{\"@type\":\"EntryPoint\",\"urlTemplate\":\"https:\/\/felixsolisavantis.com\/?s={search_term_string}\"},\"query-input\":\"required name=search_term_string\"}],\"inLanguage\":\"en-US\"},{\"@type\":\"Organization\",\"@id\":\"https:\/\/felixsolisavantis.com\/#organization\",\"name\":\"F\u00e9lix Sol\u00eds Avantis\",\"url\":\"https:\/\/felixsolisavantis.com\/\",\"logo\":{\"@type\":\"ImageObject\",\"inLanguage\":\"en-US\",\"@id\":\"https:\/\/felixsolisavantis.com\/#\/schema\/logo\/image\/\",\"url\":\"https:\/\/felixsolisavantis.com\/app\/uploads\/2022\/03\/felix_solis_avantis_logo_neg_rgb_black.png\",\"contentUrl\":\"https:\/\/felixsolisavantis.com\/app\/uploads\/2022\/03\/felix_solis_avantis_logo_neg_rgb_black.png\",\"width\":1820,\"height\":705,\"caption\":\"F\u00e9lix Sol\u00eds Avantis\"},\"image\":{\"@id\":\"https:\/\/felixsolisavantis.com\/#\/schema\/logo\/image\/\"},\"sameAs\":[\"https:\/\/www.facebook.com\/felixsolis.avantis\",\"https:\/\/twitter.com\/felixsolisgrupo\",\"https:\/\/www.instagram.com\/felixsolisavantis\/\"]}]}<\/script>\n<!-- \/ Yoast SEO plugin. -->","yoast_head_json":{"title":"Quality and Sustainability Policy | F\u00e9lix Sol\u00eds Avantis","robots":{"index":"index","follow":"follow","max-snippet":"max-snippet:-1","max-image-preview":"max-image-preview:large","max-video-preview":"max-video-preview:-1"},"canonical":"https:\/\/felixsolisavantis.com\/en\/quality-and-sustainability-policy\/","og_locale":"en_US","og_type":"article","og_title":"Quality and Sustainability Policy | F\u00e9lix Sol\u00eds Avantis","og_description":"At F\u00e9lix Sol\u00eds Avantis we aim to incorporate the values and principles of sustainable development in our business processes and relationships with all of our stakeholders. We believe that sustainability acts as a key element in the competitiveness of companies. You can check below: Ethical Policy Ethical Commitment Quality, Food Safety, Environment and Security Policy Sustainability Report 2023 Sustainability Report 2024","og_url":"https:\/\/felixsolisavantis.com\/en\/quality-and-sustainability-policy\/","og_site_name":"F\u00e9lix Sol\u00eds Avantis","article_publisher":"https:\/\/www.facebook.com\/felixsolis.avantis","article_modified_time":"2026-03-19T15:41:30+00:00","og_image":[{"url":"https:\/\/felixsolisavantis.com\/app\/uploads\/2022\/09\/203_VALDEPENAS-1024x683.jpg"}],"twitter_card":"summary_large_image","twitter_site":"@felixsolisgrupo","twitter_misc":{"Est. reading time":"1 minute"},"schema":{"@context":"https:\/\/schema.org","@graph":[{"@type":"WebPage","@id":"https:\/\/felixsolisavantis.com\/en\/quality-and-sustainability-policy\/","url":"https:\/\/felixsolisavantis.com\/en\/quality-and-sustainability-policy\/","name":"Quality and Sustainability Policy | F\u00e9lix Sol\u00eds Avantis","isPartOf":{"@id":"https:\/\/felixsolisavantis.com\/#website"},"datePublished":"2023-03-13T09:15:10+00:00","dateModified":"2026-03-19T15:41:30+00:00","inLanguage":"en-US","potentialAction":[{"@type":"ReadAction","target":["https:\/\/felixsolisavantis.com\/en\/quality-and-sustainability-policy\/"]}]},{"@type":"WebSite","@id":"https:\/\/felixsolisavantis.com\/#website","url":"https:\/\/felixsolisavantis.com\/","name":"F\u00e9lix Sol\u00eds Avantis","description":"","publisher":{"@id":"https:\/\/felixsolisavantis.com\/#organization"},"potentialAction":[{"@type":"SearchAction","target":{"@type":"EntryPoint","urlTemplate":"https:\/\/felixsolisavantis.com\/?s={search_term_string}"},"query-input":"required name=search_term_string"}],"inLanguage":"en-US"},{"@type":"Organization","@id":"https:\/\/felixsolisavantis.com\/#organization","name":"F\u00e9lix Sol\u00eds Avantis","url":"https:\/\/felixsolisavantis.com\/","logo":{"@type":"ImageObject","inLanguage":"en-US","@id":"https:\/\/felixsolisavantis.com\/#\/schema\/logo\/image\/","url":"https:\/\/felixsolisavantis.com\/app\/uploads\/2022\/03\/felix_solis_avantis_logo_neg_rgb_black.png","contentUrl":"https:\/\/felixsolisavantis.com\/app\/uploads\/2022\/03\/felix_solis_avantis_logo_neg_rgb_black.png","width":1820,"height":705,"caption":"F\u00e9lix Sol\u00eds Avantis"},"image":{"@id":"https:\/\/felixsolisavantis.com\/#\/schema\/logo\/image\/"},"sameAs":["https:\/\/www.facebook.com\/felixsolis.avantis","https:\/\/twitter.com\/felixsolisgrupo","https:\/\/www.instagram.com\/felixsolisavantis\/"]}]}},"_links":{"self":[{"href":"https:\/\/felixsolisavantis.com\/en\/wp-json\/wp\/v2\/pages\/27463"}],"collection":[{"href":"https:\/\/felixsolisavantis.com\/en\/wp-json\/wp\/v2\/pages"}],"about":[{"href":"https:\/\/felixsolisavantis.com\/en\/wp-json\/wp\/v2\/types\/page"}],"author":[{"embeddable":true,"href":"https:\/\/felixsolisavantis.com\/en\/wp-json\/wp\/v2\/users\/11"}],"replies":[{"embeddable":true,"href":"https:\/\/felixsolisavantis.com\/en\/wp-json\/wp\/v2\/comments?post=27463"}],"version-history":[{"count":43,"href":"https:\/\/felixsolisavantis.com\/en\/wp-json\/wp\/v2\/pages\/27463\/revisions"}],"predecessor-version":[{"id":31768,"href":"https:\/\/felixsolisavantis.com\/en\/wp-json\/wp\/v2\/pages\/27463\/revisions\/31768"}],"wp:attachment":[{"href":"https:\/\/felixsolisavantis.com\/en\/wp-json\/wp\/v2\/media?parent=27463"}],"curies":[{"name":"wp","href":"https:\/\/api.w.org\/{rel}","templated":true}]}}