{"id":9916,"date":"2017-07-07T09:20:20","date_gmt":"2017-07-07T09:20:20","guid":{"rendered":"http:\/\/felixsolisavantis.com\/de\/?page_id=9916"},"modified":"2022-04-29T08:18:11","modified_gmt":"2022-04-29T08:18:11","slug":"weinkellereien","status":"publish","type":"page","link":"https:\/\/felixsolisavantis.com\/de\/weinkellereien\/","title":{"rendered":"Weinkellereien"},"content":{"rendered":"<p>In unseren Weing\u00fctern wird die traditionelle Weinbereitung mit den modernsten Weinbautechnologien kombiniert. Unsere Winzer geben mit strenger Kontrolle Acht auf jede einzelne Phase des Herstellungsprozesses der Weine.<\/p>\n<p>H\u00f6chste Priorit\u00e4t bei Felix Solix Avantis ist die Sicherstellung der Qualit\u00e4t des Weines in all unseren Weing\u00fctern.<\/p>\n","protected":false},"excerpt":{"rendered":"<p>In unseren Weing\u00fctern wird die traditionelle Weinbereitung mit den modernsten Weinbautechnologien kombiniert. Unsere Winzer geben mit strenger Kontrolle Acht auf jede einzelne Phase des Herstellungsprozesses der Weine. H\u00f6chste Priorit\u00e4t bei Felix Solix Avantis ist die Sicherstellung der Qualit\u00e4t des Weines in all unseren Weing\u00fctern.<\/p>\n","protected":false},"author":4,"featured_media":19416,"parent":0,"menu_order":0,"comment_status":"open","ping_status":"open","template":"page-wineries.php","meta":{"footnotes":""},"acf":[],"yoast_head":"<!-- This site is optimized with the Yoast SEO plugin v21.6 - https:\/\/yoast.com\/wordpress\/plugins\/seo\/ -->\n<title>Weinkellereien | F\u00e9lix Sol\u00eds Avantis<\/title>\n<meta name=\"robots\" content=\"index, follow, max-snippet:-1, max-image-preview:large, max-video-preview:-1\" \/>\n<link rel=\"canonical\" href=\"https:\/\/felixsolisavantis.com\/de\/weinkellereien\/\" \/>\n<meta property=\"og:locale\" content=\"de_DE\" \/>\n<meta property=\"og:type\" content=\"article\" \/>\n<meta property=\"og:title\" content=\"Weinkellereien | F\u00e9lix Sol\u00eds Avantis\" \/>\n<meta property=\"og:description\" content=\"In unseren Weing\u00fctern wird die traditionelle Weinbereitung mit den modernsten Weinbautechnologien kombiniert. Unsere Winzer geben mit strenger Kontrolle Acht auf jede einzelne Phase des Herstellungsprozesses der Weine. H\u00f6chste Priorit\u00e4t bei Felix Solix Avantis ist die Sicherstellung der Qualit\u00e4t des Weines in all unseren Weing\u00fctern.\" \/>\n<meta property=\"og:url\" content=\"https:\/\/felixsolisavantis.com\/de\/weinkellereien\/\" \/>\n<meta property=\"og:site_name\" content=\"F\u00e9lix Sol\u00eds Avantis\" \/>\n<meta property=\"article:publisher\" content=\"https:\/\/www.facebook.com\/felixsolis.avantis\" \/>\n<meta property=\"article:modified_time\" content=\"2022-04-29T08:18:11+00:00\" \/>\n<meta property=\"og:image\" content=\"https:\/\/felixsolisavantis.com\/app\/uploads\/2014\/09\/wineries_03.jpg\" \/>\n\t<meta property=\"og:image:width\" content=\"1920\" \/>\n\t<meta property=\"og:image:height\" content=\"1080\" \/>\n\t<meta property=\"og:image:type\" content=\"image\/jpeg\" \/>\n<meta name=\"twitter:card\" content=\"summary_large_image\" \/>\n<meta name=\"twitter:site\" content=\"@felixsolisgrupo\" \/>\n<script type=\"application\/ld+json\" class=\"yoast-schema-graph\">{\"@context\":\"https:\/\/schema.org\",\"@graph\":[{\"@type\":\"WebPage\",\"@id\":\"https:\/\/felixsolisavantis.com\/de\/weinkellereien\/\",\"url\":\"https:\/\/felixsolisavantis.com\/de\/weinkellereien\/\",\"name\":\"Weinkellereien | F\u00e9lix Sol\u00eds Avantis\",\"isPartOf\":{\"@id\":\"https:\/\/felixsolisavantis.com\/#website\"},\"datePublished\":\"2017-07-07T09:20:20+00:00\",\"dateModified\":\"2022-04-29T08:18:11+00:00\",\"inLanguage\":\"de-DE\",\"potentialAction\":[{\"@type\":\"ReadAction\",\"target\":[\"https:\/\/felixsolisavantis.com\/de\/weinkellereien\/\"]}]},{\"@type\":\"WebSite\",\"@id\":\"https:\/\/felixsolisavantis.com\/#website\",\"url\":\"https:\/\/felixsolisavantis.com\/\",\"name\":\"F\u00e9lix Sol\u00eds Avantis\",\"description\":\"\",\"publisher\":{\"@id\":\"https:\/\/felixsolisavantis.com\/#organization\"},\"potentialAction\":[{\"@type\":\"SearchAction\",\"target\":{\"@type\":\"EntryPoint\",\"urlTemplate\":\"https:\/\/felixsolisavantis.com\/?s={search_term_string}\"},\"query-input\":\"required name=search_term_string\"}],\"inLanguage\":\"de-DE\"},{\"@type\":\"Organization\",\"@id\":\"https:\/\/felixsolisavantis.com\/#organization\",\"name\":\"F\u00e9lix Sol\u00eds Avantis\",\"url\":\"https:\/\/felixsolisavantis.com\/\",\"logo\":{\"@type\":\"ImageObject\",\"inLanguage\":\"de-DE\",\"@id\":\"https:\/\/felixsolisavantis.com\/#\/schema\/logo\/image\/\",\"url\":\"https:\/\/felixsolisavantis.com\/app\/uploads\/2022\/03\/felix_solis_avantis_logo_neg_rgb_black.png\",\"contentUrl\":\"https:\/\/felixsolisavantis.com\/app\/uploads\/2022\/03\/felix_solis_avantis_logo_neg_rgb_black.png\",\"width\":1820,\"height\":705,\"caption\":\"F\u00e9lix Sol\u00eds Avantis\"},\"image\":{\"@id\":\"https:\/\/felixsolisavantis.com\/#\/schema\/logo\/image\/\"},\"sameAs\":[\"https:\/\/www.facebook.com\/felixsolis.avantis\",\"https:\/\/twitter.com\/felixsolisgrupo\",\"https:\/\/www.instagram.com\/felixsolisavantis\/\"]}]}<\/script>\n<!-- \/ Yoast SEO plugin. -->","yoast_head_json":{"title":"Weinkellereien | F\u00e9lix Sol\u00eds Avantis","robots":{"index":"index","follow":"follow","max-snippet":"max-snippet:-1","max-image-preview":"max-image-preview:large","max-video-preview":"max-video-preview:-1"},"canonical":"https:\/\/felixsolisavantis.com\/de\/weinkellereien\/","og_locale":"de_DE","og_type":"article","og_title":"Weinkellereien | F\u00e9lix Sol\u00eds Avantis","og_description":"In unseren Weing\u00fctern wird die traditionelle Weinbereitung mit den modernsten Weinbautechnologien kombiniert. Unsere Winzer geben mit strenger Kontrolle Acht auf jede einzelne Phase des Herstellungsprozesses der Weine. H\u00f6chste Priorit\u00e4t bei Felix Solix Avantis ist die Sicherstellung der Qualit\u00e4t des Weines in all unseren Weing\u00fctern.","og_url":"https:\/\/felixsolisavantis.com\/de\/weinkellereien\/","og_site_name":"F\u00e9lix Sol\u00eds Avantis","article_publisher":"https:\/\/www.facebook.com\/felixsolis.avantis","article_modified_time":"2022-04-29T08:18:11+00:00","og_image":[{"width":1920,"height":1080,"url":"https:\/\/felixsolisavantis.com\/app\/uploads\/2014\/09\/wineries_03.jpg","type":"image\/jpeg"}],"twitter_card":"summary_large_image","twitter_site":"@felixsolisgrupo","schema":{"@context":"https:\/\/schema.org","@graph":[{"@type":"WebPage","@id":"https:\/\/felixsolisavantis.com\/de\/weinkellereien\/","url":"https:\/\/felixsolisavantis.com\/de\/weinkellereien\/","name":"Weinkellereien | F\u00e9lix Sol\u00eds Avantis","isPartOf":{"@id":"https:\/\/felixsolisavantis.com\/#website"},"datePublished":"2017-07-07T09:20:20+00:00","dateModified":"2022-04-29T08:18:11+00:00","inLanguage":"de-DE","potentialAction":[{"@type":"ReadAction","target":["https:\/\/felixsolisavantis.com\/de\/weinkellereien\/"]}]},{"@type":"WebSite","@id":"https:\/\/felixsolisavantis.com\/#website","url":"https:\/\/felixsolisavantis.com\/","name":"F\u00e9lix Sol\u00eds Avantis","description":"","publisher":{"@id":"https:\/\/felixsolisavantis.com\/#organization"},"potentialAction":[{"@type":"SearchAction","target":{"@type":"EntryPoint","urlTemplate":"https:\/\/felixsolisavantis.com\/?s={search_term_string}"},"query-input":"required name=search_term_string"}],"inLanguage":"de-DE"},{"@type":"Organization","@id":"https:\/\/felixsolisavantis.com\/#organization","name":"F\u00e9lix Sol\u00eds Avantis","url":"https:\/\/felixsolisavantis.com\/","logo":{"@type":"ImageObject","inLanguage":"de-DE","@id":"https:\/\/felixsolisavantis.com\/#\/schema\/logo\/image\/","url":"https:\/\/felixsolisavantis.com\/app\/uploads\/2022\/03\/felix_solis_avantis_logo_neg_rgb_black.png","contentUrl":"https:\/\/felixsolisavantis.com\/app\/uploads\/2022\/03\/felix_solis_avantis_logo_neg_rgb_black.png","width":1820,"height":705,"caption":"F\u00e9lix Sol\u00eds Avantis"},"image":{"@id":"https:\/\/felixsolisavantis.com\/#\/schema\/logo\/image\/"},"sameAs":["https:\/\/www.facebook.com\/felixsolis.avantis","https:\/\/twitter.com\/felixsolisgrupo","https:\/\/www.instagram.com\/felixsolisavantis\/"]}]}},"_links":{"self":[{"href":"https:\/\/felixsolisavantis.com\/de\/wp-json\/wp\/v2\/pages\/9916"}],"collection":[{"href":"https:\/\/felixsolisavantis.com\/de\/wp-json\/wp\/v2\/pages"}],"about":[{"href":"https:\/\/felixsolisavantis.com\/de\/wp-json\/wp\/v2\/types\/page"}],"author":[{"embeddable":true,"href":"https:\/\/felixsolisavantis.com\/de\/wp-json\/wp\/v2\/users\/4"}],"replies":[{"embeddable":true,"href":"https:\/\/felixsolisavantis.com\/de\/wp-json\/wp\/v2\/comments?post=9916"}],"version-history":[{"count":1,"href":"https:\/\/felixsolisavantis.com\/de\/wp-json\/wp\/v2\/pages\/9916\/revisions"}],"predecessor-version":[{"id":25028,"href":"https:\/\/felixsolisavantis.com\/de\/wp-json\/wp\/v2\/pages\/9916\/revisions\/25028"}],"wp:featuredmedia":[{"embeddable":true,"href":"https:\/\/felixsolisavantis.com\/de\/wp-json\/wp\/v2\/media\/19416"}],"wp:attachment":[{"href":"https:\/\/felixsolisavantis.com\/de\/wp-json\/wp\/v2\/media?parent=9916"}],"curies":[{"name":"wp","href":"https:\/\/api.w.org\/{rel}","templated":true}]}}